{"id":4962,"date":"2025-01-08T11:03:21","date_gmt":"2025-01-08T08:03:21","guid":{"rendered":"https:\/\/omegabio.com.tr\/?page_id=4962"},"modified":"2025-01-10T13:50:33","modified_gmt":"2025-01-10T10:50:33","slug":"enfeksiyon-tanisi","status":"publish","type":"page","link":"https:\/\/omegabio.com.tr\/?page_id=4962","title":{"rendered":"Enfeksiyon Tan\u0131s\u0131"},"content":{"rendered":"\t\t<div data-elementor-type=\"wp-page\" data-elementor-id=\"4962\" class=\"elementor elementor-4962\">\n\t\t\t\t\t\t<header data-particle_enable=\"false\" data-particle-mobile-disabled=\"false\" class=\"elementor-section elementor-top-section elementor-element elementor-element-fe4eabf elementor-section-stretched elementor-section-boxed elementor-section-height-default elementor-section-height-default\" data-id=\"fe4eabf\" data-element_type=\"section\" data-e-type=\"section\" data-settings=\"{&quot;background_background&quot;:&quot;classic&quot;,&quot;shape_divider_bottom&quot;:&quot;tilt&quot;,&quot;stretch_section&quot;:&quot;section-stretched&quot;}\">\n\t\t\t\t\t\t\t<div class=\"elementor-background-overlay\"><\/div>\n\t\t\t\t\t\t<div class=\"elementor-shape elementor-shape-bottom\" aria-hidden=\"true\" data-negative=\"false\">\n\t\t\t<svg xmlns=\"http:\/\/www.w3.org\/2000\/svg\" viewBox=\"0 0 1000 100\" preserveAspectRatio=\"none\">\n\t<path class=\"elementor-shape-fill\" d=\"M0,6V0h1000v100L0,6z\"\/>\n<\/svg>\t\t<\/div>\n\t\t\t\t\t<div class=\"elementor-container elementor-column-gap-wider\">\n\t\t\t\t\t<div class=\"elementor-column elementor-col-100 elementor-top-column elementor-element elementor-element-da43bab\" data-id=\"da43bab\" data-element_type=\"column\" data-e-type=\"column\">\n\t\t\t<div class=\"elementor-widget-wrap elementor-element-populated\">\n\t\t\t\t\t\t<div class=\"elementor-element elementor-element-c6815bc elementor-invisible elementor-widget elementor-widget-heading\" data-id=\"c6815bc\" data-element_type=\"widget\" data-e-type=\"widget\" data-settings=\"{&quot;_animation&quot;:&quot;fadeIn&quot;}\" data-widget_type=\"heading.default\">\n\t\t\t\t<div class=\"elementor-widget-container\">\n\t\t\t\t\t<h1 class=\"elementor-heading-title elementor-size-default\">Enfeksiyon Tan\u0131s\u0131 <\/h1>\t\t\t\t<\/div>\n\t\t\t\t<\/div>\n\t\t\t\t<div class=\"elementor-element elementor-element-9753f31 elementor-invisible elementor-widget elementor-widget-text-editor\" data-id=\"9753f31\" data-element_type=\"widget\" data-e-type=\"widget\" data-settings=\"{&quot;_animation&quot;:&quot;fadeIn&quot;}\" data-widget_type=\"text-editor.default\">\n\t\t\t\t<div class=\"elementor-widget-container\">\n\t\t\t\t\t\t\t\t\t<p>Enfeksiyon Hastal\u0131klar\u0131, bakteriler, vir\u00fcsler, mantarlar ve parazitler gibi patojen mikroorganizmalar taraf\u0131ndan tetiklenen hastal\u0131klar, halk sa\u011fl\u0131\u011f\u0131 i\u00e7in \u00f6nemli bir tehdit olu\u015fturur. Do\u011fru ve h\u0131zl\u0131 te\u015fhis, etkili tedavi i\u00e7in kritik \u00f6neme sahiptir ve bu hastal\u0131klar\u0131n yay\u0131lmas\u0131n\u0131n \u00f6nlenmesinde b\u00fcy\u00fck rol oynar. VOL\u0130RON qPCR testleri, y\u00fcksek hassasiyet ve \u00f6zg\u00fcll\u00fck sunarak enfeksiyonlar\u0131n erken tespiti sa\u011flar. Bu \u00f6zellik, sa\u011fl\u0131k profesyonellerinin hastal\u0131klar\u0131 h\u0131zl\u0131 bir \u015fekilde te\u015fhis etmelerine ve en uygun tedavi planlar\u0131n\u0131 olu\u015fturabilmelerine olanak tan\u0131r. Erken te\u015fhis, yaln\u0131zca bireysel hastan\u0131n sa\u011fl\u0131\u011f\u0131n\u0131 korumakla kalmaz, ayn\u0131 zamanda enfeksiyon hastal\u0131klar\u0131n\u0131n toplum i\u00e7inde yay\u0131lmas\u0131n\u0131 \u00f6nlemeye de yard\u0131mc\u0131 olur.<\/p>\t\t\t\t\t\t\t\t<\/div>\n\t\t\t\t<\/div>\n\t\t\t\t\t<\/div>\n\t\t<\/div>\n\t\t\t\t\t<\/div>\n\t\t<\/header>\n\t\t\t\t<section data-particle_enable=\"false\" data-particle-mobile-disabled=\"false\" class=\"elementor-section elementor-top-section elementor-element elementor-element-1e83d6e elementor-section-boxed elementor-section-height-default elementor-section-height-default\" data-id=\"1e83d6e\" data-element_type=\"section\" data-e-type=\"section\">\n\t\t\t\t\t\t<div class=\"elementor-container elementor-column-gap-wider\">\n\t\t\t\t\t<div class=\"elementor-column elementor-col-100 elementor-top-column elementor-element elementor-element-985300f\" data-id=\"985300f\" data-element_type=\"column\" data-e-type=\"column\">\n\t\t\t<div class=\"elementor-widget-wrap elementor-element-populated\">\n\t\t\t\t\t\t<section data-particle_enable=\"false\" data-particle-mobile-disabled=\"false\" class=\"elementor-section elementor-inner-section elementor-element elementor-element-b725d66 elementor-section-boxed elementor-section-height-default elementor-section-height-default\" data-id=\"b725d66\" data-element_type=\"section\" data-e-type=\"section\">\n\t\t\t\t\t\t<div class=\"elementor-container elementor-column-gap-wider\">\n\t\t\t\t\t<div class=\"elementor-column elementor-col-33 elementor-inner-column elementor-element elementor-element-4d4f22c\" data-id=\"4d4f22c\" data-element_type=\"column\" data-e-type=\"column\">\n\t\t\t<div class=\"elementor-widget-wrap elementor-element-populated\">\n\t\t\t\t\t\t<div class=\"elementor-element elementor-element-58d82d4 elementor-position-left elementor-vertical-align-top elementor-widget elementor-widget-image-box\" data-id=\"58d82d4\" data-element_type=\"widget\" data-e-type=\"widget\" data-widget_type=\"image-box.default\">\n\t\t\t\t<div class=\"elementor-widget-container\">\n\t\t\t\t\t<div class=\"elementor-image-box-wrapper\"><figure class=\"elementor-image-box-img\"><a href=\"https:\/\/omegabio.com.tr\/?p=4228\" tabindex=\"-1\"><img decoding=\"async\" width=\"100\" height=\"100\" src=\"https:\/\/omegabio.com.tr\/wp-content\/uploads\/2024\/05\/icons8-omnichannel-100.png\" class=\"attachment-full size-full wp-image-1114\" alt=\"\" \/><\/a><\/figure><div class=\"elementor-image-box-content\"><h3 class=\"elementor-image-box-title\"><a href=\"https:\/\/omegabio.com.tr\/?p=4228\">Grup A Streptokok qPCR Kiti<\/a><\/h3><\/div><\/div>\t\t\t\t<\/div>\n\t\t\t\t<\/div>\n\t\t\t\t<div class=\"elementor-element elementor-element-7f81d0d elementor-position-left elementor-vertical-align-top elementor-widget elementor-widget-image-box\" data-id=\"7f81d0d\" data-element_type=\"widget\" data-e-type=\"widget\" data-widget_type=\"image-box.default\">\n\t\t\t\t<div class=\"elementor-widget-container\">\n\t\t\t\t\t<div class=\"elementor-image-box-wrapper\"><figure class=\"elementor-image-box-img\"><a href=\"https:\/\/omegabio.com.tr\/?p=3947\" tabindex=\"-1\"><img decoding=\"async\" width=\"100\" height=\"100\" src=\"https:\/\/omegabio.com.tr\/wp-content\/uploads\/2024\/05\/icons8-iphone-x-100.png\" class=\"attachment-full size-full wp-image-1115\" alt=\"\" \/><\/a><\/figure><div class=\"elementor-image-box-content\"><h3 class=\"elementor-image-box-title\"><a href=\"https:\/\/omegabio.com.tr\/?p=3947\">Solunum Yolu Enfeksiyonu qPCR Paneli (7)<\/a><\/h3><\/div><\/div>\t\t\t\t<\/div>\n\t\t\t\t<\/div>\n\t\t\t\t\t<\/div>\n\t\t<\/div>\n\t\t\t\t<div class=\"elementor-column elementor-col-33 elementor-inner-column elementor-element elementor-element-d6f66de\" data-id=\"d6f66de\" data-element_type=\"column\" data-e-type=\"column\">\n\t\t\t<div class=\"elementor-widget-wrap elementor-element-populated\">\n\t\t\t\t\t\t<div class=\"elementor-element elementor-element-a8651c0 elementor-position-left elementor-vertical-align-top elementor-widget elementor-widget-image-box\" data-id=\"a8651c0\" data-element_type=\"widget\" data-e-type=\"widget\" data-widget_type=\"image-box.default\">\n\t\t\t\t<div class=\"elementor-widget-container\">\n\t\t\t\t\t<div class=\"elementor-image-box-wrapper\"><figure class=\"elementor-image-box-img\"><a href=\"https:\/\/omegabio.com.tr\/?p=3963\" tabindex=\"-1\"><img decoding=\"async\" width=\"100\" height=\"100\" src=\"https:\/\/omegabio.com.tr\/wp-content\/uploads\/2024\/05\/icons8-idea-100.png\" class=\"attachment-full size-full wp-image-1116\" alt=\"\" \/><\/a><\/figure><div class=\"elementor-image-box-content\"><h3 class=\"elementor-image-box-title\"><a href=\"https:\/\/omegabio.com.tr\/?p=3963\">HIV qPCR Kiti - Geli\u015ftirilme A\u015famas\u0131nda<\/a><\/h3><\/div><\/div>\t\t\t\t<\/div>\n\t\t\t\t<\/div>\n\t\t\t\t<div class=\"elementor-element elementor-element-9a417bc elementor-position-left elementor-vertical-align-top elementor-widget elementor-widget-image-box\" data-id=\"9a417bc\" data-element_type=\"widget\" data-e-type=\"widget\" data-widget_type=\"image-box.default\">\n\t\t\t\t<div class=\"elementor-widget-container\">\n\t\t\t\t\t<div class=\"elementor-image-box-wrapper\"><figure class=\"elementor-image-box-img\"><a href=\"https:\/\/omegabio.com.tr\/?p=3903\" tabindex=\"-1\"><img loading=\"lazy\" decoding=\"async\" width=\"100\" height=\"100\" src=\"https:\/\/omegabio.com.tr\/wp-content\/uploads\/2024\/05\/icons8-solve-100.png\" class=\"attachment-full size-full wp-image-1117\" alt=\"\" \/><\/a><\/figure><div class=\"elementor-image-box-content\"><h3 class=\"elementor-image-box-title\"><a href=\"https:\/\/omegabio.com.tr\/?p=3903\">Solunum Yolu Enfeksiyonu qPCR Paneli (24) - Geli\u015ftirilme A\u015famas\u0131nda<\/a><\/h3><\/div><\/div>\t\t\t\t<\/div>\n\t\t\t\t<\/div>\n\t\t\t\t\t<\/div>\n\t\t<\/div>\n\t\t\t\t<div class=\"elementor-column elementor-col-33 elementor-inner-column elementor-element elementor-element-6cc22eb\" data-id=\"6cc22eb\" data-element_type=\"column\" data-e-type=\"column\">\n\t\t\t<div class=\"elementor-widget-wrap elementor-element-populated\">\n\t\t\t\t\t\t<div class=\"elementor-element elementor-element-5713c54 elementor-position-left elementor-vertical-align-top elementor-widget elementor-widget-image-box\" data-id=\"5713c54\" data-element_type=\"widget\" data-e-type=\"widget\" data-widget_type=\"image-box.default\">\n\t\t\t\t<div class=\"elementor-widget-container\">\n\t\t\t\t\t<div class=\"elementor-image-box-wrapper\"><figure class=\"elementor-image-box-img\"><a href=\"https:\/\/omegabio.com.tr\/?p=3955\" tabindex=\"-1\"><img decoding=\"async\" width=\"100\" height=\"100\" src=\"https:\/\/omegabio.com.tr\/wp-content\/uploads\/2024\/05\/icons8-idea-100.png\" class=\"attachment-full size-full wp-image-1116\" alt=\"\" \/><\/a><\/figure><div class=\"elementor-image-box-content\"><h3 class=\"elementor-image-box-title\"><a href=\"https:\/\/omegabio.com.tr\/?p=3955\">HPV qPCR Kiti - Geli\u015ftirilme A\u015famas\u0131nda<\/a><\/h3><\/div><\/div>\t\t\t\t<\/div>\n\t\t\t\t<\/div>\n\t\t\t\t<div class=\"elementor-element elementor-element-83dc357 elementor-position-left elementor-vertical-align-top elementor-widget elementor-widget-image-box\" data-id=\"83dc357\" data-element_type=\"widget\" data-e-type=\"widget\" data-widget_type=\"image-box.default\">\n\t\t\t\t<div class=\"elementor-widget-container\">\n\t\t\t\t\t<div class=\"elementor-image-box-wrapper\"><figure class=\"elementor-image-box-img\"><a href=\"https:\/\/omegabio.com.tr\/?p=3941\" tabindex=\"-1\"><img loading=\"lazy\" decoding=\"async\" width=\"100\" height=\"100\" src=\"https:\/\/omegabio.com.tr\/wp-content\/uploads\/2024\/05\/icons8-solve-100.png\" class=\"attachment-full size-full wp-image-1117\" alt=\"\" \/><\/a><\/figure><div class=\"elementor-image-box-content\"><h3 class=\"elementor-image-box-title\"><a href=\"https:\/\/omegabio.com.tr\/?p=3941\">RSV qPCR Kiti<\/a><\/h3><\/div><\/div>\t\t\t\t<\/div>\n\t\t\t\t<\/div>\n\t\t\t\t\t<\/div>\n\t\t<\/div>\n\t\t\t\t\t<\/div>\n\t\t<\/section>\n\t\t\t\t<section data-particle_enable=\"false\" data-particle-mobile-disabled=\"false\" class=\"elementor-section elementor-inner-section elementor-element elementor-element-f3a9543 elementor-section-boxed elementor-section-height-default elementor-section-height-default\" data-id=\"f3a9543\" data-element_type=\"section\" data-e-type=\"section\">\n\t\t\t\t\t\t<div class=\"elementor-container elementor-column-gap-wider\">\n\t\t\t\t\t<div class=\"elementor-column elementor-col-33 elementor-inner-column elementor-element elementor-element-52092c2\" data-id=\"52092c2\" data-element_type=\"column\" data-e-type=\"column\">\n\t\t\t<div class=\"elementor-widget-wrap elementor-element-populated\">\n\t\t\t\t\t\t<div class=\"elementor-element elementor-element-794357b elementor-position-left elementor-vertical-align-top elementor-widget elementor-widget-image-box\" data-id=\"794357b\" data-element_type=\"widget\" data-e-type=\"widget\" data-widget_type=\"image-box.default\">\n\t\t\t\t<div class=\"elementor-widget-container\">\n\t\t\t\t\t<div class=\"elementor-image-box-wrapper\"><figure class=\"elementor-image-box-img\"><a href=\"https:\/\/omegabio.com.tr\/?p=3933\" tabindex=\"-1\"><img decoding=\"async\" width=\"100\" height=\"100\" src=\"https:\/\/omegabio.com.tr\/wp-content\/uploads\/2024\/05\/icons8-omnichannel-100.png\" class=\"attachment-full size-full wp-image-1114\" alt=\"\" \/><\/a><\/figure><div class=\"elementor-image-box-content\"><h3 class=\"elementor-image-box-title\"><a href=\"https:\/\/omegabio.com.tr\/?p=3933\">Salmonella Tespiti qPCR Kiti<\/a><\/h3><\/div><\/div>\t\t\t\t<\/div>\n\t\t\t\t<\/div>\n\t\t\t\t\t<\/div>\n\t\t<\/div>\n\t\t\t\t<div class=\"elementor-column elementor-col-33 elementor-inner-column elementor-element elementor-element-5705f6a\" data-id=\"5705f6a\" data-element_type=\"column\" data-e-type=\"column\">\n\t\t\t<div class=\"elementor-widget-wrap elementor-element-populated\">\n\t\t\t\t\t\t<div class=\"elementor-element elementor-element-d22f03f elementor-position-left elementor-vertical-align-top elementor-widget elementor-widget-image-box\" data-id=\"d22f03f\" data-element_type=\"widget\" data-e-type=\"widget\" data-widget_type=\"image-box.default\">\n\t\t\t\t<div class=\"elementor-widget-container\">\n\t\t\t\t\t<div class=\"elementor-image-box-wrapper\"><figure class=\"elementor-image-box-img\"><a href=\"https:\/\/omegabio.com.tr\/?p=3915\" tabindex=\"-1\"><img decoding=\"async\" width=\"100\" height=\"100\" src=\"https:\/\/omegabio.com.tr\/wp-content\/uploads\/2024\/05\/icons8-idea-100.png\" class=\"attachment-full size-full wp-image-1116\" alt=\"\" \/><\/a><\/figure><div class=\"elementor-image-box-content\"><h3 class=\"elementor-image-box-title\"><a href=\"https:\/\/omegabio.com.tr\/?p=3915\">SARS-CoV-2 qPCR Kiti<\/a><\/h3><\/div><\/div>\t\t\t\t<\/div>\n\t\t\t\t<\/div>\n\t\t\t\t\t<\/div>\n\t\t<\/div>\n\t\t\t\t<div class=\"elementor-column elementor-col-33 elementor-inner-column elementor-element elementor-element-3abf2df\" data-id=\"3abf2df\" data-element_type=\"column\" data-e-type=\"column\">\n\t\t\t<div class=\"elementor-widget-wrap\">\n\t\t\t\t\t\t\t<\/div>\n\t\t<\/div>\n\t\t\t\t\t<\/div>\n\t\t<\/section>\n\t\t\t\t\t<\/div>\n\t\t<\/div>\n\t\t\t\t\t<\/div>\n\t\t<\/section>\n\t\t\t\t<\/div>\n\t\t","protected":false},"excerpt":{"rendered":"<p>Enfeksiyon Tan\u0131s\u0131 Enfeksiyon Hastal\u0131klar\u0131, bakteriler, vir\u00fcsler, mantarlar ve parazitler gibi patojen mikroorganizmalar taraf\u0131ndan tetiklenen hastal\u0131klar, halk sa\u011fl\u0131\u011f\u0131 i\u00e7in \u00f6nemli bir [&hellip;]<\/p>\n","protected":false},"author":7,"featured_media":0,"parent":0,"menu_order":0,"comment_status":"closed","ping_status":"closed","template":"elementor_header_footer","meta":{"_eb_attr":"","_eb_data_table":"","site-sidebar-layout":"no-sidebar","site-content-layout":"","ast-site-content-layout":"full-width-container","site-content-style":"default","site-sidebar-style":"default","ast-global-header-display":"","ast-banner-title-visibility":"","ast-main-header-display":"","ast-hfb-above-header-display":"","ast-hfb-below-header-display":"","ast-hfb-mobile-header-display":"","site-post-title":"disabled","ast-breadcrumbs-content":"","ast-featured-img":"disabled","footer-sml-layout":"","ast-disable-related-posts":"","theme-transparent-header-meta":"","adv-header-id-meta":"","stick-header-meta":"","header-above-stick-meta":"","header-main-stick-meta":"","header-below-stick-meta":"","astra-migrate-meta-layouts":"default","ast-page-background-enabled":"default","ast-page-background-meta":{"desktop":{"background-color":"var(--ast-global-color-4)","background-image":"","background-repeat":"repeat","background-position":"center center","background-size":"auto","background-attachment":"scroll","background-type":"","background-media":"","overlay-type":"","overlay-color":"","overlay-opacity":"","overlay-gradient":""},"tablet":{"background-color":"","background-image":"","background-repeat":"repeat","background-position":"center center","background-size":"auto","background-attachment":"scroll","background-type":"","background-media":"","overlay-type":"","overlay-color":"","overlay-opacity":"","overlay-gradient":""},"mobile":{"background-color":"","background-image":"","background-repeat":"repeat","background-position":"center center","background-size":"auto","background-attachment":"scroll","background-type":"","background-media":"","overlay-type":"","overlay-color":"","overlay-opacity":"","overlay-gradient":""}},"ast-content-background-meta":{"desktop":{"background-color":"var(--ast-global-color-5)","background-image":"","background-repeat":"repeat","background-position":"center center","background-size":"auto","background-attachment":"scroll","background-type":"","background-media":"","overlay-type":"","overlay-color":"","overlay-opacity":"","overlay-gradient":""},"tablet":{"background-color":"var(--ast-global-color-5)","background-image":"","background-repeat":"repeat","background-position":"center center","background-size":"auto","background-attachment":"scroll","background-type":"","background-media":"","overlay-type":"","overlay-color":"","overlay-opacity":"","overlay-gradient":""},"mobile":{"background-color":"var(--ast-global-color-5)","background-image":"","background-repeat":"repeat","background-position":"center center","background-size":"auto","background-attachment":"scroll","background-type":"","background-media":"","overlay-type":"","overlay-color":"","overlay-opacity":"","overlay-gradient":""}},"footnotes":""},"class_list":["post-4962","page","type-page","status-publish","hentry"],"aioseo_notices":[],"_links":{"self":[{"href":"https:\/\/omegabio.com.tr\/index.php?rest_route=\/wp\/v2\/pages\/4962","targetHints":{"allow":["GET"]}}],"collection":[{"href":"https:\/\/omegabio.com.tr\/index.php?rest_route=\/wp\/v2\/pages"}],"about":[{"href":"https:\/\/omegabio.com.tr\/index.php?rest_route=\/wp\/v2\/types\/page"}],"author":[{"embeddable":true,"href":"https:\/\/omegabio.com.tr\/index.php?rest_route=\/wp\/v2\/users\/7"}],"replies":[{"embeddable":true,"href":"https:\/\/omegabio.com.tr\/index.php?rest_route=%2Fwp%2Fv2%2Fcomments&post=4962"}],"version-history":[{"count":5,"href":"https:\/\/omegabio.com.tr\/index.php?rest_route=\/wp\/v2\/pages\/4962\/revisions"}],"predecessor-version":[{"id":5175,"href":"https:\/\/omegabio.com.tr\/index.php?rest_route=\/wp\/v2\/pages\/4962\/revisions\/5175"}],"wp:attachment":[{"href":"https:\/\/omegabio.com.tr\/index.php?rest_route=%2Fwp%2Fv2%2Fmedia&parent=4962"}],"curies":[{"name":"wp","href":"https:\/\/api.w.org\/{rel}","templated":true}]}}