{"id":5091,"date":"2025-01-10T11:04:42","date_gmt":"2025-01-10T08:04:42","guid":{"rendered":"https:\/\/omegabio.com.tr\/?page_id=5091"},"modified":"2025-01-10T11:05:51","modified_gmt":"2025-01-10T08:05:51","slug":"gizlilik-politikasi","status":"publish","type":"page","link":"https:\/\/omegabio.com.tr\/?page_id=5091","title":{"rendered":"Gizlilik Politikas\u0131"},"content":{"rendered":"\t\t<div data-elementor-type=\"wp-page\" data-elementor-id=\"5091\" class=\"elementor elementor-5091\">\n\t\t\t\t<div data-particle_enable=\"false\" data-particle-mobile-disabled=\"false\" class=\"elementor-element elementor-element-1e720b06 e-flex e-con-boxed e-con e-parent\" data-id=\"1e720b06\" data-element_type=\"container\" data-e-type=\"container\">\n\t\t\t\t\t<div class=\"e-con-inner\">\n\t\t\t\t<div class=\"elementor-element elementor-element-4ca6bad4 elementor-widget elementor-widget-text-editor\" data-id=\"4ca6bad4\" data-element_type=\"widget\" data-e-type=\"widget\" data-widget_type=\"text-editor.default\">\n\t\t\t\t<div class=\"elementor-widget-container\">\n\t\t\t\t\t\t\t\t\t<div class=\"flex-1 overflow-hidden @container\/thread\"><div class=\"h-full\"><div class=\"react-scroll-to-bottom--css-dszow-79elbk h-full\"><div class=\"react-scroll-to-bottom--css-dszow-1n7m0yu\"><div class=\"flex flex-col text-sm md:pb-9\"><article class=\"w-full scroll-mb-[var(--thread-trailing-height,150px)] text-token-text-primary focus-visible:outline-2 focus-visible:outline-offset-[-4px]\" dir=\"auto\" data-testid=\"conversation-turn-127\" data-scroll-anchor=\"true\"><div class=\"m-auto text-base py-[18px] px-3 md:px-4 w-full md:px-5 lg:px-4 xl:px-5\"><div class=\"mx-auto flex flex-1 gap-4 text-base md:gap-5 lg:gap-6 md:max-w-3xl\"><div class=\"group\/conversation-turn relative flex w-full min-w-0 flex-col agent-turn\"><div class=\"flex-col gap-1 md:gap-3\"><div class=\"flex max-w-full flex-col flex-grow\"><div class=\"min-h-8 text-message flex w-full flex-col items-end gap-2 whitespace-normal break-words text-start [.text-message+&amp;]:mt-5\" dir=\"auto\" data-message-author-role=\"assistant\" data-message-id=\"f56a6cd2-ca7a-4f4d-82ad-bec7a501735b\" data-message-model-slug=\"gpt-4o-mini\"><div class=\"flex w-full flex-col gap-1 empty:hidden first:pt-[3px]\"><div class=\"markdown prose w-full break-words dark:prose-invert light\"><h3><strong>Biz Kimiz<\/strong><\/h3><p>Web sitemizin adresi: <a href=\"https:\/\/omegabio.com.tr\" target=\"_new\" rel=\"noopener\">https:\/\/omegabio.com.tr<\/a>.<\/p><h3><strong>Yorumlar<\/strong><\/h3><p>Ziyaret\u00e7iler sitede yorum b\u0131rakt\u0131\u011f\u0131nda, yorum formunda g\u00f6sterilen verileri toplar\u0131z ve ayr\u0131ca spam tespiti i\u00e7in ziyaret\u00e7inin IP adresi ve taray\u0131c\u0131 kullan\u0131c\u0131 ajan\u0131 dizesini de toplar\u0131z.<\/p><p>E-posta adresinizden olu\u015fturulmu\u015f anonimle\u015ftirilmi\u015f bir dize (hash olarak da adland\u0131r\u0131l\u0131r) Gravatar hizmetine sa\u011flanabilir, b\u00f6ylece onu kullan\u0131p kullanmad\u0131\u011f\u0131n\u0131z\u0131 g\u00f6rebiliriz. Gravatar hizmetinin gizlilik politikas\u0131 burada mevcuttur: <a href=\"https:\/\/automattic.com\/privacy\/\" target=\"_new\" rel=\"noopener\">https:\/\/automattic.com\/privacy\/<\/a>. Yorumunuz onayland\u0131ktan sonra, profil resminiz yorumunuz ba\u011flam\u0131nda herkese a\u00e7\u0131k olarak g\u00f6r\u00fcnecektir.<\/p><h3><strong>Medya<\/strong><\/h3><p>Web sitesine resim y\u00fcklerken, yerle\u015fik konum verileri (EXIF GPS) i\u00e7eren resimler y\u00fcklemekten ka\u00e7\u0131nmal\u0131s\u0131n\u0131z. Web sitesini ziyaret edenler, resimlerden herhangi bir konum verisini indirip \u00e7\u0131karabilir.<\/p><h3><strong>\u00c7erezler<\/strong><\/h3><p>Siteye yorum b\u0131rakt\u0131\u011f\u0131n\u0131zda, ad\u0131n\u0131z\u0131, e-posta adresinizi ve web sitenizi \u00e7erezlerde saklamay\u0131 tercih edebilirsiniz. Bu, tekrar yorum b\u0131rakt\u0131\u011f\u0131n\u0131zda bilgilerinizi tekrar girmenize gerek olmamas\u0131 i\u00e7in sizin rahatl\u0131\u011f\u0131n\u0131z i\u00e7indir. Bu \u00e7erezler bir y\u0131l s\u00fcreyle saklan\u0131r.<\/p><p>Giri\u015f sayfam\u0131z\u0131 ziyaret ederseniz, taray\u0131c\u0131n\u0131z\u0131n \u00e7erez kabul edip etmedi\u011fini belirlemek i\u00e7in ge\u00e7ici bir \u00e7erez ayarlan\u0131r. Bu \u00e7erez ki\u015fisel veri i\u00e7ermez ve taray\u0131c\u0131n\u0131z\u0131 kapatt\u0131\u011f\u0131n\u0131zda silinir.<\/p><p>Giri\u015f yapt\u0131ktan sonra, giri\u015f bilgileriniz ve ekran tercihlerinizin saklanmas\u0131 i\u00e7in birka\u00e7 \u00e7erez daha ayarlan\u0131r. Giri\u015f \u00e7erezleri iki g\u00fcn s\u00fcreyle ge\u00e7erlidir, ekran se\u00e7enekleri \u00e7erezleri ise bir y\u0131l s\u00fcreyle ge\u00e7erlidir. &#8220;Beni Hat\u0131rla&#8221;y\u0131 se\u00e7erseniz, giri\u015finiz iki hafta s\u00fcreyle devam eder. Hesab\u0131n\u0131zdan \u00e7\u0131k\u0131\u015f yaparsan\u0131z, giri\u015f \u00e7erezleri silinir.<\/p><p>Bir makale d\u00fczenler veya yay\u0131nlarsan\u0131z, taray\u0131c\u0131n\u0131zda ek bir \u00e7erez saklan\u0131r. Bu \u00e7erez ki\u015fisel veri i\u00e7ermez ve sadece d\u00fczenledi\u011finiz yaz\u0131n\u0131n kimlik numaras\u0131n\u0131 g\u00f6sterir. 1 g\u00fcn sonra s\u00fcresi dolar.<\/p><h3><strong>Ba\u015fka Web Sitelerinden Entegre \u0130\u00e7erik<\/strong><\/h3><p>Bu sitedeki makaleler, ba\u015fka web sitelerinden entegre i\u00e7erik (\u00f6rne\u011fin, videolar, resimler, makaleler vb.) i\u00e7erebilir. Di\u011fer web sitelerinden entegre i\u00e7erik, ziyaret\u00e7inin di\u011fer siteyi ziyaret etmi\u015f gibi davranmas\u0131na neden olur.<\/p><p>Bu web siteleri, sizinle ilgili verileri toplayabilir, \u00e7erez kullanabilir, ek \u00fc\u00e7\u00fcnc\u00fc taraf izleme yapabilir ve bu entegre i\u00e7erik ile etkile\u015fiminizi izleyebilir. Hesab\u0131n\u0131z varsa ve o web sitesine giri\u015f yapt\u0131ysan\u0131z, entegre i\u00e7erik ile etkile\u015fiminizi izleyebilirler.<\/p><h3><strong>Verilerinizi Kimlerle Payla\u015f\u0131yoruz<\/strong><\/h3><p>\u015eifre s\u0131f\u0131rlama talep ederseniz, IP adresiniz s\u0131f\u0131rlama e-postas\u0131nda yer alacakt\u0131r.<\/p><h3><strong>Verilerinizi Ne Kadar S\u00fcre Sakl\u0131yoruz<\/strong><\/h3><p>Bir yorum b\u0131rak\u0131rsan\u0131z, yorum ve meta verileri s\u00fcresiz olarak saklan\u0131r. Bu, takip eden yorumlar\u0131 otomatik olarak tan\u0131y\u0131p onaylamam\u0131za olanak tan\u0131r ve onlar\u0131 bir moderasyon kuyru\u011funda bekletmemizi engeller.<\/p><p>Web sitemize kay\u0131tl\u0131 kullan\u0131c\u0131lar (varsa) da kullan\u0131c\u0131 profillerinde sa\u011flad\u0131klar\u0131 ki\u015fisel bilgileri saklar\u0131z. T\u00fcm kullan\u0131c\u0131lar, ki\u015fisel bilgilerini her zaman g\u00f6rebilir, d\u00fczenleyebilir veya silebilir (kullan\u0131c\u0131 adlar\u0131n\u0131 de\u011fi\u015ftiremezler). Web sitesi y\u00f6neticileri de bu bilgileri g\u00f6rebilir ve d\u00fczenleyebilir.<\/p><h3><strong>Verileriniz \u00dczerindeki Haklar\u0131n\u0131z<\/strong><\/h3><p>Bu sitede hesab\u0131n\u0131z varsa veya yorum b\u0131rakm\u0131\u015fsan\u0131z, bizim elimizde tuttu\u011fumuz ki\u015fisel verilerinizin bir d\u0131\u015fa aktar\u0131labilir dosyas\u0131n\u0131 almay\u0131 talep edebilirsiniz. Ayr\u0131ca, bizim elimizde tuttu\u011fumuz ki\u015fisel verilerinizin silinmesini talep edebilirsiniz. Bu, idari, hukuki veya g\u00fcvenlik ama\u00e7lar\u0131yla tutmam\u0131z gereken veriler hari\u00e7 tutulur.<\/p><h3><strong>Verileriniz Nerelere G\u00f6nderilir<\/strong><\/h3><p>Ziyaret\u00e7i yorumlar\u0131, otomatik bir spam tespit hizmeti taraf\u0131ndan kontrol edilebilir.<\/p><\/div><\/div><\/div><\/div><\/div><\/div><\/div><\/div><\/article><\/div><\/div><\/div><\/div><\/div>\t\t\t\t\t\t\t\t<\/div>\n\t\t\t\t<\/div>\n\t\t\t\t\t<\/div>\n\t\t\t\t<\/div>\n\t\t\t\t<\/div>\n\t\t","protected":false},"excerpt":{"rendered":"<p>Biz Kimiz Web sitemizin adresi: https:\/\/omegabio.com.tr. Yorumlar Ziyaret\u00e7iler sitede yorum b\u0131rakt\u0131\u011f\u0131nda, yorum formunda g\u00f6sterilen verileri toplar\u0131z ve ayr\u0131ca spam tespiti [&hellip;]<\/p>\n","protected":false},"author":7,"featured_media":0,"parent":0,"menu_order":0,"comment_status":"closed","ping_status":"closed","template":"","meta":{"_eb_attr":"","_eb_data_table":"","site-sidebar-layout":"no-sidebar","site-content-layout":"","ast-site-content-layout":"full-width-container","site-content-style":"default","site-sidebar-style":"default","ast-global-header-display":"","ast-banner-title-visibility":"","ast-main-header-display":"","ast-hfb-above-header-display":"","ast-hfb-below-header-display":"","ast-hfb-mobile-header-display":"","site-post-title":"disabled","ast-breadcrumbs-content":"","ast-featured-img":"disabled","footer-sml-layout":"","ast-disable-related-posts":"","theme-transparent-header-meta":"","adv-header-id-meta":"","stick-header-meta":"","header-above-stick-meta":"","header-main-stick-meta":"","header-below-stick-meta":"","astra-migrate-meta-layouts":"default","ast-page-background-enabled":"default","ast-page-background-meta":{"desktop":{"background-color":"var(--ast-global-color-4)","background-image":"","background-repeat":"repeat","background-position":"center center","background-size":"auto","background-attachment":"scroll","background-type":"","background-media":"","overlay-type":"","overlay-color":"","overlay-opacity":"","overlay-gradient":""},"tablet":{"background-color":"","background-image":"","background-repeat":"repeat","background-position":"center center","background-size":"auto","background-attachment":"scroll","background-type":"","background-media":"","overlay-type":"","overlay-color":"","overlay-opacity":"","overlay-gradient":""},"mobile":{"background-color":"","background-image":"","background-repeat":"repeat","background-position":"center center","background-size":"auto","background-attachment":"scroll","background-type":"","background-media":"","overlay-type":"","overlay-color":"","overlay-opacity":"","overlay-gradient":""}},"ast-content-background-meta":{"desktop":{"background-color":"var(--ast-global-color-5)","background-image":"","background-repeat":"repeat","background-position":"center center","background-size":"auto","background-attachment":"scroll","background-type":"","background-media":"","overlay-type":"","overlay-color":"","overlay-opacity":"","overlay-gradient":""},"tablet":{"background-color":"var(--ast-global-color-5)","background-image":"","background-repeat":"repeat","background-position":"center center","background-size":"auto","background-attachment":"scroll","background-type":"","background-media":"","overlay-type":"","overlay-color":"","overlay-opacity":"","overlay-gradient":""},"mobile":{"background-color":"var(--ast-global-color-5)","background-image":"","background-repeat":"repeat","background-position":"center center","background-size":"auto","background-attachment":"scroll","background-type":"","background-media":"","overlay-type":"","overlay-color":"","overlay-opacity":"","overlay-gradient":""}},"footnotes":""},"class_list":["post-5091","page","type-page","status-publish","hentry"],"aioseo_notices":[],"_links":{"self":[{"href":"https:\/\/omegabio.com.tr\/index.php?rest_route=\/wp\/v2\/pages\/5091","targetHints":{"allow":["GET"]}}],"collection":[{"href":"https:\/\/omegabio.com.tr\/index.php?rest_route=\/wp\/v2\/pages"}],"about":[{"href":"https:\/\/omegabio.com.tr\/index.php?rest_route=\/wp\/v2\/types\/page"}],"author":[{"embeddable":true,"href":"https:\/\/omegabio.com.tr\/index.php?rest_route=\/wp\/v2\/users\/7"}],"replies":[{"embeddable":true,"href":"https:\/\/omegabio.com.tr\/index.php?rest_route=%2Fwp%2Fv2%2Fcomments&post=5091"}],"version-history":[{"count":4,"href":"https:\/\/omegabio.com.tr\/index.php?rest_route=\/wp\/v2\/pages\/5091\/revisions"}],"predecessor-version":[{"id":5095,"href":"https:\/\/omegabio.com.tr\/index.php?rest_route=\/wp\/v2\/pages\/5091\/revisions\/5095"}],"wp:attachment":[{"href":"https:\/\/omegabio.com.tr\/index.php?rest_route=%2Fwp%2Fv2%2Fmedia&parent=5091"}],"curies":[{"name":"wp","href":"https:\/\/api.w.org\/{rel}","templated":true}]}}