{"id":5097,"date":"2025-01-10T11:16:00","date_gmt":"2025-01-10T08:16:00","guid":{"rendered":"https:\/\/omegabio.com.tr\/?page_id=5097"},"modified":"2025-01-10T15:20:36","modified_gmt":"2025-01-10T12:20:36","slug":"urunler-2","status":"publish","type":"page","link":"https:\/\/omegabio.com.tr\/?page_id=5097","title":{"rendered":"\u00dcr\u00fcnler"},"content":{"rendered":"\t\t<div data-elementor-type=\"wp-page\" data-elementor-id=\"5097\" class=\"elementor elementor-5097\">\n\t\t\t\t\t\t<section data-particle_enable=\"false\" data-particle-mobile-disabled=\"false\" class=\"elementor-section elementor-top-section elementor-element elementor-element-37a3ad5f elementor-section-content-middle elementor-section-full_width elementor-section-height-default elementor-section-height-default\" data-id=\"37a3ad5f\" data-element_type=\"section\" data-e-type=\"section\">\n\t\t\t\t\t\t<div class=\"elementor-container elementor-column-gap-default\">\n\t\t\t\t\t<div class=\"elementor-column elementor-col-100 elementor-top-column elementor-element elementor-element-3c5892d7\" data-id=\"3c5892d7\" data-element_type=\"column\" data-e-type=\"column\" data-settings=\"{&quot;background_background&quot;:&quot;classic&quot;}\">\n\t\t\t<div class=\"elementor-widget-wrap elementor-element-populated\">\n\t\t\t\t\t\t<section data-particle_enable=\"false\" data-particle-mobile-disabled=\"false\" class=\"elementor-section elementor-inner-section elementor-element elementor-element-4ecdf0f5 elementor-section-boxed elementor-section-height-default elementor-section-height-default\" data-id=\"4ecdf0f5\" data-element_type=\"section\" data-e-type=\"section\">\n\t\t\t\t\t\t<div class=\"elementor-container elementor-column-gap-default\">\n\t\t\t\t\t<div class=\"elementor-column elementor-col-33 elementor-inner-column elementor-element elementor-element-4b6f432a\" data-id=\"4b6f432a\" data-element_type=\"column\" data-e-type=\"column\" data-settings=\"{&quot;animation&quot;:&quot;none&quot;,&quot;background_background&quot;:&quot;classic&quot;}\">\n\t\t\t<div class=\"elementor-widget-wrap elementor-element-populated\">\n\t\t\t\t\t\t<div class=\"elementor-element elementor-element-26997090 elementor-view-stacked elementor-shape-circle elementor-widget elementor-widget-icon\" data-id=\"26997090\" data-element_type=\"widget\" data-e-type=\"widget\" data-widget_type=\"icon.default\">\n\t\t\t\t<div class=\"elementor-widget-container\">\n\t\t\t\t\t\t\t<div class=\"elementor-icon-wrapper\">\n\t\t\t<div class=\"elementor-icon\">\n\t\t\t<svg xmlns=\"http:\/\/www.w3.org\/2000\/svg\" id=\"katman_2\" viewBox=\"0 0 154 154\"><defs><style>.cls-1{fill:#414141;}<\/style><\/defs><g id=\"Layer_2\"><path class=\"cls-1\" d=\"M50.71,0c1.04,0,1.88.84,1.88,1.88,0,8.64,2.93,15.16,7.42,20.66h24.36c1.03,0,1.88.84,1.88,1.88s-.84,1.88-1.88,1.88h-20.91c4.27,4.19,9.39,7.87,14.64,11.62,13.31,9.51,27.08,19.35,27.08,39.09,0,16.65-9.93,26.38-20.66,34.41-.82.62-2,.45-2.63-.38-.62-.83-.45-2.01.38-2.63,8.71-6.52,15.21-13.06,17.85-22.01h-40.92c-1.03,0-1.88-.84-1.88-1.88s.84-1.88,1.88-1.88h41.76c.29-1.78.46-3.65.46-5.63,0-8.64-2.93-15.16-7.42-20.66h-24.36c-1.03,0-1.88-.84-1.88-1.88s.84-1.88,1.88-1.88h20.91c-4.27-4.19-9.39-7.87-14.64-11.62-13.31-9.51-27.08-19.35-27.08-39.09,0-1.04.84-1.88,1.88-1.88Z\"><\/path><path class=\"cls-1\" d=\"M59.2,7.51h41.76c.29-1.78.46-3.65.46-5.63,0-1.04.84-1.88,1.88-1.88s1.88.84,1.88,1.88c0,16.65-9.93,26.38-20.66,34.41-.82.62-2,.45-2.63-.38-.62-.83-.45-2.01.38-2.63,8.71-6.52,15.21-13.06,17.85-22.01h-40.92c-1.03,0-1.88-.84-1.88-1.88s.84-1.88,1.88-1.88Z\"><\/path><path class=\"cls-1\" d=\"M48.83,77c0-16.65,9.93-26.38,20.66-34.41.82-.62,2-.45,2.63.38.62.83.45,2.01-.38,2.63-8.71,6.52-15.21,13.06-17.85,22.01h40.92c1.03,0,1.88.84,1.88,1.88s-.84,1.88-1.88,1.88h-41.76c-.29,1.78-.46,3.65-.46,5.63,0,8.64,2.93,15.16,7.42,20.66h24.36c1.03,0,1.88.84,1.88,1.88s-.84,1.88-1.88,1.88h-20.91c4.27,4.19,9.39,7.87,14.64,11.62,13.31,9.51,27.08,19.35,27.08,39.09,0,1.04-.84,1.88-1.88,1.88s-1.88-.84-1.88-1.88c0-8.64-2.93-15.16-7.42-20.66h-24.36c-1.03,0-1.88-.84-1.88-1.88s.84-1.88,1.88-1.88h20.91c-4.27-4.19-9.39-7.87-14.64-11.62-13.31-9.51-27.08-19.35-27.08-39.09Z\"><\/path><path class=\"cls-1\" d=\"M69.49,117.72c.82-.62,2-.45,2.63.38.62.83.45,2.01-.38,2.63-8.71,6.52-15.21,13.06-17.85,22.01h40.92c1.03,0,1.88.84,1.88,1.88s-.84,1.88-1.88,1.88h-41.76c-.29,1.78-.46,3.65-.46,5.63,0,1.04-.84,1.88-1.88,1.88s-1.88-.84-1.88-1.88c0-16.65,9.93-26.38,20.66-34.41Z\"><\/path><path class=\"cls-1\" d=\"M154,9.39c0-5.18-4.21-9.39-9.39-9.39s-9.39,4.21-9.39,9.39,4.21,9.39,9.39,9.39,9.39-4.21,9.39-9.39ZM150.24,9.39c0,3.1-2.53,5.63-5.63,5.63s-5.63-2.53-5.63-5.63,2.53-5.63,5.63-5.63,5.63,2.53,5.63,5.63Z\"><\/path><path class=\"cls-1\" d=\"M0,9.39c0,5.18,4.21,9.39,9.39,9.39s9.39-4.21,9.39-9.39S14.57,0,9.39,0,0,4.21,0,9.39ZM3.76,9.39c0-3.1,2.53-5.63,5.63-5.63s5.63,2.53,5.63,5.63-2.53,5.63-5.63,5.63-5.63-2.53-5.63-5.63Z\"><\/path><path class=\"cls-1\" d=\"M154,144.61c0-5.18-4.21-9.39-9.39-9.39s-9.39,4.21-9.39,9.39,4.21,9.39,9.39,9.39,9.39-4.21,9.39-9.39ZM150.24,144.61c0,3.1-2.53,5.63-5.63,5.63s-5.63-2.53-5.63-5.63,2.53-5.63,5.63-5.63,5.63,2.53,5.63,5.63Z\"><\/path><path class=\"cls-1\" d=\"M0,144.61c0,5.18,4.21,9.39,9.39,9.39s9.39-4.21,9.39-9.39-4.21-9.39-9.39-9.39-9.39,4.21-9.39,9.39ZM3.76,144.61c0-3.1,2.53-5.63,5.63-5.63s5.63,2.53,5.63,5.63-2.53,5.63-5.63,5.63-5.63-2.53-5.63-5.63Z\"><\/path><path class=\"cls-1\" d=\"M142.73,24.41c0-1.03.84-1.88,1.88-1.88s1.88.84,1.88,1.88v15.02c0,1.03-.84,1.88-1.88,1.88h-54.91c-1.03,0-1.88-.84-1.88-1.88s.84-1.88,1.88-1.88h53.03v-13.15Z\"><\/path><path class=\"cls-1\" d=\"M108.25,84.51c0-1.03.84-1.88,1.88-1.88h34.48c1.03,0,1.88.84,1.88,1.88v45.07c0,1.03-.84,1.88-1.88,1.88s-1.88-.84-1.88-1.88v-43.2h-32.6c-1.03,0-1.88-.84-1.88-1.88Z\"><\/path><path class=\"cls-1\" d=\"M45.75,69.49c0,1.03-.84,1.88-1.88,1.88H9.39c-1.03,0-1.88-.84-1.88-1.88V24.41c0-1.03.84-1.88,1.88-1.88s1.88.84,1.88,1.88v43.2h32.6c1.03,0,1.88.84,1.88,1.88Z\"><\/path><path class=\"cls-1\" d=\"M9.39,131.46c-1.03,0-1.88-.84-1.88-1.88v-15.02c0-1.03.84-1.88,1.88-1.88h54.91c1.03,0,1.88.84,1.88,1.88s-.84,1.88-1.88,1.88H11.27v13.15c0,1.03-.84,1.88-1.88,1.88Z\"><\/path><\/g><\/svg>\t\t\t<\/div>\n\t\t<\/div>\n\t\t\t\t\t\t<\/div>\n\t\t\t\t<\/div>\n\t\t\t\t<div class=\"elementor-element elementor-element-4f2d12ff elementor-widget elementor-widget-heading\" data-id=\"4f2d12ff\" data-element_type=\"widget\" data-e-type=\"widget\" data-widget_type=\"heading.default\">\n\t\t\t\t<div class=\"elementor-widget-container\">\n\t\t\t\t\t<h4 class=\"elementor-heading-title elementor-size-default\"><a href=\"https:\/\/omegabio.com.tr\/?page_id=4970\">Lateral Ak\u0131\u015f Test<\/a><\/h4>\t\t\t\t<\/div>\n\t\t\t\t<\/div>\n\t\t\t\t<div class=\"elementor-element elementor-element-6c511b49 elementor-widget elementor-widget-text-editor\" data-id=\"6c511b49\" data-element_type=\"widget\" data-e-type=\"widget\" data-widget_type=\"text-editor.default\">\n\t\t\t\t<div class=\"elementor-widget-container\">\n\t\t\t\t\t\t\t\t\t<p>Lateral flow testleri (LFT&#8217;ler), bir \u00f6rnekteki hedef bir maddenin, \u00f6rne\u011fin bir antijen veya antikorun varl\u0131\u011f\u0131n\u0131 veya yoklu\u011funu tespit etmek i\u00e7in kullan\u0131lan h\u0131zl\u0131 tan\u0131 testleridir.<\/p>\t\t\t\t\t\t\t\t<\/div>\n\t\t\t\t<\/div>\n\t\t\t\t\t<\/div>\n\t\t<\/div>\n\t\t\t\t<div class=\"elementor-column elementor-col-33 elementor-inner-column elementor-element elementor-element-5b5c6cf9\" data-id=\"5b5c6cf9\" data-element_type=\"column\" data-e-type=\"column\" data-settings=\"{&quot;animation&quot;:&quot;none&quot;,&quot;background_background&quot;:&quot;classic&quot;}\">\n\t\t\t<div class=\"elementor-widget-wrap elementor-element-populated\">\n\t\t\t\t\t\t<div class=\"elementor-element elementor-element-61131a41 elementor-view-stacked elementor-shape-circle elementor-widget elementor-widget-icon\" data-id=\"61131a41\" data-element_type=\"widget\" data-e-type=\"widget\" data-widget_type=\"icon.default\">\n\t\t\t\t<div class=\"elementor-widget-container\">\n\t\t\t\t\t\t\t<div class=\"elementor-icon-wrapper\">\n\t\t\t<div class=\"elementor-icon\">\n\t\t\t<svg xmlns=\"http:\/\/www.w3.org\/2000\/svg\" id=\"katman_2\" viewBox=\"0 0 28.24 72.51\"><defs><style>.cls-1{fill:#464644;}<\/style><\/defs><g id=\"katman_1\"><path class=\"cls-1\" d=\"M4.4,67.26c-1.55,0-2.8,1.18-2.8,2.62s1.25,2.62,2.8,2.62,2.8-1.18,2.8-2.62-1.25-2.62-2.8-2.62Z\"><\/path><path class=\"cls-1\" d=\"M5.19,61.83c-1.47,0-2.66,1.11-2.66,2.49s1.19,2.49,2.66,2.49,2.66-1.11,2.66-2.49-1.19-2.49-2.66-2.49Z\"><\/path><path class=\"cls-1\" d=\"M7.56,61.54c1.39,0,2.51-1.05,2.51-2.36s-1.13-2.36-2.51-2.36-2.51,1.05-2.51,2.36,1.13,2.36,2.51,2.36Z\"><\/path><path class=\"cls-1\" d=\"M13.88,54.92c0-1.23-1.06-2.22-2.37-2.22s-2.37.99-2.37,2.22,1.06,2.22,2.37,2.22,2.37-.99,2.37-2.22Z\"><\/path><path class=\"cls-1\" d=\"M19.18,51.87c0-1.15-1-2.09-2.23-2.09s-2.23.93-2.23,2.09,1,2.09,2.23,2.09,2.23-.93,2.23-2.09Z\"><\/path><path class=\"cls-1\" d=\"M23.78,48.21c0-1.08-.93-1.95-2.08-1.95s-2.08.87-2.08,1.95.93,1.95,2.08,1.95,2.08-.87,2.08-1.95Z\"><\/path><path class=\"cls-1\" d=\"M24.86,41.64c-1.07,0-1.94.81-1.94,1.82s.87,1.82,1.94,1.82,1.94-.81,1.94-1.82-.87-1.82-1.94-1.82Z\"><\/path><path class=\"cls-1\" d=\"M26.44,36.37c-.99,0-1.8.75-1.8,1.68s.8,1.68,1.8,1.68,1.8-.75,1.8-1.68-.8-1.68-1.8-1.68Z\"><\/path><path class=\"cls-1\" d=\"M24.78,32.44c0,.86.74,1.55,1.65,1.55s1.65-.69,1.65-1.55-.74-1.55-1.65-1.55-1.65.69-1.65,1.55Z\"><\/path><path class=\"cls-1\" d=\"M24.86,28.45c.83,0,1.51-.63,1.51-1.42s-.68-1.42-1.51-1.42-1.51.63-1.51,1.42.68,1.42,1.51,1.42Z\"><\/path><path class=\"cls-1\" d=\"M23.06,22.28c0-.71-.61-1.28-1.37-1.28s-1.37.57-1.37,1.28.61,1.28,1.37,1.28,1.37-.57,1.37-1.28Z\"><\/path><path class=\"cls-1\" d=\"M10.43,15.57c0,.56.48,1.01,1.08,1.01s1.08-.45,1.08-1.01-.48-1.01-1.08-1.01-1.08.45-1.08,1.01Z\"><\/path><path class=\"cls-1\" d=\"M8.5,11.31c0-.49-.42-.88-.94-.88s-.94.39-.94.88.42.88.94.88.94-.39.94-.88Z\"><\/path><path class=\"cls-1\" d=\"M4.39,6.18c0,.41.36.75.8.75s.79-.33.79-.75-.36-.75-.79-.75-.8.33-.8.75Z\"><\/path><path class=\"cls-1\" d=\"M4.4,1.22c.36,0,.65-.27.65-.61s-.29-.61-.65-.61-.65.27-.65.61.29.61.65.61Z\"><\/path><path class=\"cls-1\" d=\"M23.84,5.25c1.55,0,2.8-1.18,2.8-2.62s-1.25-2.62-2.8-2.62-2.8,1.17-2.8,2.62,1.25,2.62,2.8,2.62Z\"><\/path><path class=\"cls-1\" d=\"M23.05,10.68c1.47,0,2.66-1.11,2.66-2.49s-1.19-2.49-2.66-2.49-2.66,1.12-2.66,2.49,1.19,2.49,2.66,2.49Z\"><\/path><path class=\"cls-1\" d=\"M20.67,10.97c-1.39,0-2.51,1.05-2.51,2.36s1.12,2.36,2.51,2.36,2.51-1.05,2.51-2.36-1.13-2.36-2.51-2.36Z\"><\/path><path class=\"cls-1\" d=\"M19.09,17.58c0-1.23-1.06-2.22-2.37-2.22s-2.37.99-2.37,2.22,1.06,2.22,2.37,2.22,2.37-.99,2.37-2.22Z\"><\/path><path class=\"cls-1\" d=\"M11.29,22.72c1.23,0,2.23-.93,2.23-2.09s-1-2.09-2.23-2.09-2.23.93-2.23,2.09,1,2.09,2.23,2.09Z\"><\/path><path class=\"cls-1\" d=\"M4.46,24.3c0,1.08.93,1.95,2.08,1.95s2.08-.87,2.08-1.95-.93-1.95-2.08-1.95-2.08.87-2.08,1.95Z\"><\/path><path class=\"cls-1\" d=\"M3.38,30.86c1.07,0,1.94-.81,1.94-1.82s-.87-1.82-1.94-1.82-1.94.81-1.94,1.82.87,1.82,1.94,1.82Z\"><\/path><path class=\"cls-1\" d=\"M1.8,36.13c.99,0,1.8-.75,1.8-1.68s-.8-1.68-1.8-1.68-1.8.75-1.8,1.68.8,1.68,1.8,1.68Z\"><\/path><path class=\"cls-1\" d=\"M3.45,40.07c0-.86-.74-1.55-1.65-1.55s-1.65.69-1.65,1.55.74,1.55,1.65,1.55,1.65-.69,1.65-1.55Z\"><\/path><path class=\"cls-1\" d=\"M3.38,44.06c-.83,0-1.51.63-1.51,1.42s.68,1.42,1.51,1.42,1.51-.63,1.51-1.42-.68-1.42-1.51-1.42Z\"><\/path><path class=\"cls-1\" d=\"M7.91,50.22c0-.71-.61-1.28-1.37-1.28s-1.37.57-1.37,1.28.61,1.28,1.37,1.28,1.37-.57,1.37-1.28Z\"><\/path><path class=\"cls-1\" d=\"M15.64,56.94c0,.56.48,1.01,1.08,1.01s1.08-.45,1.08-1.01-.48-1.01-1.08-1.01-1.08.45-1.08,1.01Z\"><\/path><path class=\"cls-1\" d=\"M19.74,61.2c0,.49.42.88.94.88s.94-.39.94-.88-.42-.88-.94-.88-.94.39-.94.88Z\"><\/path><path class=\"cls-1\" d=\"M23.84,66.33c0-.41-.36-.74-.79-.74s-.79.33-.79.74.36.75.79.75.79-.33.79-.75Z\"><\/path><path class=\"cls-1\" d=\"M23.84,71.28c-.36,0-.65.27-.65.61s.29.61.65.61.65-.27.65-.61-.29-.61-.65-.61Z\"><\/path><polygon class=\"cls-1\" points=\"10.94 25.5 20.91 27.47 21.16 26.35 11.19 24.38 10.94 25.5\"><\/polygon><rect class=\"cls-1\" x=\"4.92\" y=\"35.4\" width=\"18.6\" height=\"1.15\"><\/rect><polygon class=\"cls-1\" points=\"7.11 30.42 21.58 32.51 21.76 31.38 7.29 29.29 7.11 30.42\"><\/polygon><polygon class=\"cls-1\" points=\"19.26 64.22 11.19 62.63 10.94 63.75 19 65.35 19.26 64.22\"><\/polygon><polygon class=\"cls-1\" points=\"8.77 68.91 21.58 70.77 21.76 69.63 8.96 67.78 8.77 68.91\"><\/polygon><polygon class=\"cls-1\" points=\"19.29 44.48 9.33 46.44 9.58 47.57 19.55 45.6 19.29 44.48\"><\/polygon><polygon class=\"cls-1\" points=\"20.94 39.05 6.47 41.14 6.66 42.28 21.13 40.18 20.94 39.05\"><\/polygon><polygon class=\"cls-1\" points=\"9.33 8.38 9.58 9.5 18.27 7.79 18.02 6.66 9.33 8.38\"><\/polygon><polygon class=\"cls-1\" points=\"18.92 2.44 18.73 1.31 6.47 3.08 6.66 4.21 18.92 2.44\"><\/polygon><\/g><\/svg>\t\t\t<\/div>\n\t\t<\/div>\n\t\t\t\t\t\t<\/div>\n\t\t\t\t<\/div>\n\t\t\t\t<div class=\"elementor-element elementor-element-5f4ba693 elementor-widget elementor-widget-heading\" data-id=\"5f4ba693\" data-element_type=\"widget\" data-e-type=\"widget\" data-widget_type=\"heading.default\">\n\t\t\t\t<div class=\"elementor-widget-container\">\n\t\t\t\t\t<h4 class=\"elementor-heading-title elementor-size-default\"><a href=\"https:\/\/omegabio.com.tr\/?page_id=5076\">RT- PCR<\/a><\/h4>\t\t\t\t<\/div>\n\t\t\t\t<\/div>\n\t\t\t\t<div class=\"elementor-element elementor-element-6a65bf33 elementor-widget elementor-widget-text-editor\" data-id=\"6a65bf33\" data-element_type=\"widget\" data-e-type=\"widget\" data-widget_type=\"text-editor.default\">\n\t\t\t\t<div class=\"elementor-widget-container\">\n\t\t\t\t\t\t\t\t\t<p>Doktorunuzun talebi \u00fczerine, evinizden \u00e7\u0131kmadan ambulatuvar kan bas\u0131nc\u0131 izleme ve EKG gibi hizmetler sunmaktay\u0131z. Sonu\u00e7lar\u0131n\u0131z\u0131 doktorunuzla payla\u015f\u0131yoruz.<\/p>\t\t\t\t\t\t\t\t<\/div>\n\t\t\t\t<\/div>\n\t\t\t\t\t<\/div>\n\t\t<\/div>\n\t\t\t\t<div class=\"elementor-column elementor-col-33 elementor-inner-column elementor-element elementor-element-4d8b9ecb\" data-id=\"4d8b9ecb\" data-element_type=\"column\" data-e-type=\"column\" data-settings=\"{&quot;animation&quot;:&quot;none&quot;,&quot;background_background&quot;:&quot;classic&quot;}\">\n\t\t\t<div class=\"elementor-widget-wrap elementor-element-populated\">\n\t\t\t\t\t\t<div class=\"elementor-element elementor-element-3e822740 elementor-view-stacked elementor-shape-circle elementor-widget elementor-widget-icon\" data-id=\"3e822740\" data-element_type=\"widget\" data-e-type=\"widget\" data-widget_type=\"icon.default\">\n\t\t\t\t<div class=\"elementor-widget-container\">\n\t\t\t\t\t\t\t<div class=\"elementor-icon-wrapper\">\n\t\t\t<div class=\"elementor-icon\">\n\t\t\t<svg xmlns=\"http:\/\/www.w3.org\/2000\/svg\" id=\"katman_2\" viewBox=\"0 0 154 154\"><defs><style>.cls-1{fill:#414141;}<\/style><\/defs><g id=\"Layer_2\"><path class=\"cls-1\" d=\"M84.09,65.51c-.79-.68-1.97-.59-2.65.2-.67.79-.59,1.97.2,2.65,12.67,10.85,25.04,23.36,25.04,46.2,0,1.03.84,1.88,1.88,1.88s1.88-.84,1.88-1.88c0-24.44-13.6-38.13-26.34-49.05Z\"><\/path><path class=\"cls-1\" d=\"M69.93,58.44c.79.68,1.97.59,2.65-.2.67-.79.59-1.97-.2-2.65-12.67-10.85-25.04-23.36-25.04-46.2,0-1.03-.84-1.88-1.88-1.88s-1.88.84-1.88,1.88c0,24.44,13.6,38.13,26.34,49.05Z\"><\/path><path class=\"cls-1\" d=\"M108.55,7.51c-1.03,0-1.88.84-1.88,1.88,0,25.41-15,37.91-30.88,51.14-15.85,13.21-32.23,26.86-32.23,54.03,0,1.03.84,1.88,1.88,1.88s1.88-.84,1.88-1.88c0-25.41,15-37.91,30.88-51.14,15.85-13.2,32.23-26.86,32.23-54.03,0-1.03-.84-1.88-1.88-1.88Z\"><\/path><path class=\"cls-1\" d=\"M70.36,44.32c-1.03,0-1.88.84-1.88,1.88s.84,1.88,1.88,1.88h13.28c1.03,0,1.88-.84,1.88-1.88s-.84-1.88-1.88-1.88h-13.28Z\"><\/path><path class=\"cls-1\" d=\"M98,30.42c0-1.03-.84-1.88-1.88-1.88h-38.25c-1.03,0-1.88.84-1.88,1.88s.84,1.88,1.88,1.88h38.25c1.03,0,1.88-.84,1.88-1.88Z\"><\/path><path class=\"cls-1\" d=\"M53.2,16.58h47.6c1.03,0,1.88-.84,1.88-1.88s-.84-1.88-1.88-1.88h-47.6c-1.03,0-1.88.84-1.88,1.88s.84,1.88,1.88,1.88Z\"><\/path><path class=\"cls-1\" d=\"M100.8,107.37h-47.6c-1.03,0-1.88.84-1.88,1.88s.84,1.88,1.88,1.88h47.6c1.03,0,1.88-.84,1.88-1.88s-.84-1.88-1.88-1.88Z\"><\/path><path class=\"cls-1\" d=\"M56,93.53c0,1.03.84,1.88,1.88,1.88h38.25c1.03,0,1.88-.84,1.88-1.88s-.84-1.88-1.88-1.88h-38.25c-1.03,0-1.88.84-1.88,1.88Z\"><\/path><path class=\"cls-1\" d=\"M83.64,79.63c1.03,0,1.88-.84,1.88-1.88s-.84-1.88-1.88-1.88h-13.28c-1.03,0-1.88.84-1.88,1.88s.84,1.88,1.88,1.88h13.28Z\"><\/path><path class=\"cls-1\" d=\"M31.93,123.95h90.15c1.03,0,1.88-.84,1.88-1.88V1.88c0-1.03-.84-1.88-1.88-1.88H31.93c-1.03,0-1.88.84-1.88,1.88v120.2c0,1.03.84,1.88,1.88,1.88ZM33.8,3.76h86.39v116.44H33.8V3.76Z\"><\/path><path class=\"cls-1\" d=\"M152.12,135.22h-52.59c-3.95,0-7.51,2.5-8.85,6.23-.28.78-.96,1.28-1.75,1.28h-23.89c-.78,0-1.47-.51-1.75-1.28-1.34-3.73-4.89-6.23-8.85-6.23H1.88c-1.03,0-1.88.84-1.88,1.88v7.51c0,5.18,4.21,9.39,9.39,9.39h135.22c5.18,0,9.39-4.21,9.39-9.39v-7.51c0-1.03-.84-1.88-1.88-1.88ZM150.24,144.61c0,3.1-2.53,5.63-5.63,5.63H9.39c-3.1,0-5.63-2.53-5.63-5.63v-5.63h50.71c2.38,0,4.51,1.5,5.31,3.73.81,2.26,2.93,3.78,5.28,3.78h23.89c2.35,0,4.47-1.52,5.28-3.78.8-2.23,2.93-3.73,5.31-3.73h50.71v5.63Z\"><\/path><path class=\"cls-1\" d=\"M144.61,131.46c1.03,0,1.88-.84,1.88-1.88V50.71c0-3.16-2.47-5.63-5.63-5.63h-11.27c-1.03,0-1.88.84-1.88,1.88s.84,1.88,1.88,1.88h11.27c1.07,0,1.88.81,1.88,1.88v78.88c0,1.03.84,1.88,1.88,1.88Z\"><\/path><path class=\"cls-1\" d=\"M9.39,131.46c1.03,0,1.88-.84,1.88-1.88V50.71c0-1.07.81-1.88,1.88-1.88h11.27c1.03,0,1.88-.84,1.88-1.88s-.84-1.88-1.88-1.88h-11.27c-3.16,0-5.63,2.47-5.63,5.63v78.88c0,1.03.84,1.88,1.88,1.88Z\"><\/path><path class=\"cls-1\" d=\"M16.9,131.46h120.2c1.03,0,1.88-.84,1.88-1.88V54.46c0-1.03-.84-1.88-1.88-1.88h-7.51c-1.03,0-1.88.84-1.88,1.88s.84,1.88,1.88,1.88h5.63v71.37H18.78V56.34h5.63c1.03,0,1.88-.84,1.88-1.88s-.84-1.88-1.88-1.88h-7.51c-1.03,0-1.88.84-1.88,1.88v75.12c0,1.03.84,1.88,1.88,1.88Z\"><\/path><\/g><\/svg>\t\t\t<\/div>\n\t\t<\/div>\n\t\t\t\t\t\t<\/div>\n\t\t\t\t<\/div>\n\t\t\t\t<div class=\"elementor-element elementor-element-d6fbf1c elementor-widget elementor-widget-heading\" data-id=\"d6fbf1c\" data-element_type=\"widget\" data-e-type=\"widget\" data-widget_type=\"heading.default\">\n\t\t\t\t<div class=\"elementor-widget-container\">\n\t\t\t\t\t<h4 class=\"elementor-heading-title elementor-size-default\"><a href=\"https:\/\/omegabio.com.tr\/?page_id=4636\">EL\u0130SA<\/a><\/h4>\t\t\t\t<\/div>\n\t\t\t\t<\/div>\n\t\t\t\t<div class=\"elementor-element elementor-element-6d3f7979 elementor-widget elementor-widget-text-editor\" data-id=\"6d3f7979\" data-element_type=\"widget\" data-e-type=\"widget\" data-widget_type=\"text-editor.default\">\n\t\t\t\t<div class=\"elementor-widget-container\">\n\t\t\t\t\t\t\t\t\t<p>ELISA (Enzim Ba\u011flant\u0131l\u0131 \u0130mm\u00fcnosorbent Testi), proteinler, antikorlar ve hormonlar gibi maddeleri tespit etmek ve \u00f6l\u00e7mek i\u00e7in kullan\u0131lan g\u00fc\u00e7l\u00fc ve \u00e7ok y\u00f6nl\u00fc bir tan\u0131 arac\u0131d\u0131r.<\/p>\t\t\t\t\t\t\t\t<\/div>\n\t\t\t\t<\/div>\n\t\t\t\t\t<\/div>\n\t\t<\/div>\n\t\t\t\t\t<\/div>\n\t\t<\/section>\n\t\t\t\t\t<\/div>\n\t\t<\/div>\n\t\t\t\t\t<\/div>\n\t\t<\/section>\n\t\t\t\t<\/div>\n\t\t","protected":false},"excerpt":{"rendered":"<p>Lateral Ak\u0131\u015f Test Lateral flow testleri (LFT&#8217;ler), bir \u00f6rnekteki hedef bir maddenin, \u00f6rne\u011fin bir antijen veya antikorun varl\u0131\u011f\u0131n\u0131 veya yoklu\u011funu [&hellip;]<\/p>\n","protected":false},"author":7,"featured_media":0,"parent":0,"menu_order":0,"comment_status":"closed","ping_status":"closed","template":"","meta":{"_eb_attr":"","_eb_data_table":"","site-sidebar-layout":"no-sidebar","site-content-layout":"","ast-site-content-layout":"full-width-container","site-content-style":"default","site-sidebar-style":"default","ast-global-header-display":"","ast-banner-title-visibility":"","ast-main-header-display":"","ast-hfb-above-header-display":"","ast-hfb-below-header-display":"","ast-hfb-mobile-header-display":"","site-post-title":"disabled","ast-breadcrumbs-content":"","ast-featured-img":"disabled","footer-sml-layout":"","ast-disable-related-posts":"","theme-transparent-header-meta":"","adv-header-id-meta":"","stick-header-meta":"","header-above-stick-meta":"","header-main-stick-meta":"","header-below-stick-meta":"","astra-migrate-meta-layouts":"default","ast-page-background-enabled":"default","ast-page-background-meta":{"desktop":{"background-color":"var(--ast-global-color-4)","background-image":"","background-repeat":"repeat","background-position":"center center","background-size":"auto","background-attachment":"scroll","background-type":"","background-media":"","overlay-type":"","overlay-color":"","overlay-opacity":"","overlay-gradient":""},"tablet":{"background-color":"","background-image":"","background-repeat":"repeat","background-position":"center center","background-size":"auto","background-attachment":"scroll","background-type":"","background-media":"","overlay-type":"","overlay-color":"","overlay-opacity":"","overlay-gradient":""},"mobile":{"background-color":"","background-image":"","background-repeat":"repeat","background-position":"center center","background-size":"auto","background-attachment":"scroll","background-type":"","background-media":"","overlay-type":"","overlay-color":"","overlay-opacity":"","overlay-gradient":""}},"ast-content-background-meta":{"desktop":{"background-color":"var(--ast-global-color-5)","background-image":"","background-repeat":"repeat","background-position":"center center","background-size":"auto","background-attachment":"scroll","background-type":"","background-media":"","overlay-type":"","overlay-color":"","overlay-opacity":"","overlay-gradient":""},"tablet":{"background-color":"var(--ast-global-color-5)","background-image":"","background-repeat":"repeat","background-position":"center center","background-size":"auto","background-attachment":"scroll","background-type":"","background-media":"","overlay-type":"","overlay-color":"","overlay-opacity":"","overlay-gradient":""},"mobile":{"background-color":"var(--ast-global-color-5)","background-image":"","background-repeat":"repeat","background-position":"center center","background-size":"auto","background-attachment":"scroll","background-type":"","background-media":"","overlay-type":"","overlay-color":"","overlay-opacity":"","overlay-gradient":""}},"footnotes":""},"class_list":["post-5097","page","type-page","status-publish","hentry"],"aioseo_notices":[],"_links":{"self":[{"href":"https:\/\/omegabio.com.tr\/index.php?rest_route=\/wp\/v2\/pages\/5097","targetHints":{"allow":["GET"]}}],"collection":[{"href":"https:\/\/omegabio.com.tr\/index.php?rest_route=\/wp\/v2\/pages"}],"about":[{"href":"https:\/\/omegabio.com.tr\/index.php?rest_route=\/wp\/v2\/types\/page"}],"author":[{"embeddable":true,"href":"https:\/\/omegabio.com.tr\/index.php?rest_route=\/wp\/v2\/users\/7"}],"replies":[{"embeddable":true,"href":"https:\/\/omegabio.com.tr\/index.php?rest_route=%2Fwp%2Fv2%2Fcomments&post=5097"}],"version-history":[{"count":5,"href":"https:\/\/omegabio.com.tr\/index.php?rest_route=\/wp\/v2\/pages\/5097\/revisions"}],"predecessor-version":[{"id":5217,"href":"https:\/\/omegabio.com.tr\/index.php?rest_route=\/wp\/v2\/pages\/5097\/revisions\/5217"}],"wp:attachment":[{"href":"https:\/\/omegabio.com.tr\/index.php?rest_route=%2Fwp%2Fv2%2Fmedia&parent=5097"}],"curies":[{"name":"wp","href":"https:\/\/api.w.org\/{rel}","templated":true}]}}